{"id":2,"date":"2022-10-20T10:33:55","date_gmt":"2022-10-20T10:33:55","guid":{"rendered":"https:\/\/topviviendas.es\/?page_id=2"},"modified":"2022-12-08T11:03:44","modified_gmt":"2022-12-08T11:03:44","slug":"sample-page","status":"publish","type":"page","link":"https:\/\/topviviendas.es\/?page_id=2","title":{"rendered":"Oferta"},"content":{"rendered":"<p>[et_pb_section fb_built=\u00bb1&#8243; _builder_version=\u00bb4.3.4&#8243; use_background_color_gradient=\u00bbon\u00bb background_color_gradient_start=\u00bbrgba(255,255,255,0.38)\u00bb background_color_gradient_end=\u00bbrgba(255,255,255,0.76)\u00bb background_color_gradient_direction=\u00bb360deg\u00bb background_color_gradient_overlays_image=\u00bbon\u00bb background_image=\u00bbhttps:\/\/topviviendas.es\/wp-content\/uploads\/2022\/10\/girl-4376600_1280.jpg\u00bb background_position=\u00bbtop_center\u00bb custom_margin=\u00bb0px|0px|0px|0px|false|false\u00bb custom_padding=\u00bb0px|0px|0px|0px|false|false\u00bb][et_pb_row _builder_version=\u00bb4.2.2&#8243;][et_pb_column type=\u00bb4_4&#8243; _builder_version=\u00bb4.2.2&#8243;][et_pb_text module_id=\u00bbtop\u00bb _builder_version=\u00bb4.5.0&#8243; text_font=\u00bb|700|||||||\u00bb text_text_color=\u00bb#0b2a63&#8243; text_font_size=\u00bb32px\u00bb text_orientation=\u00bbcenter\u00bb hover_enabled=\u00bb0&#8243;]<\/p>\n<p>Si has decidido vender tu casa,<\/p>\n<p>[\/et_pb_text][et_pb_text _builder_version=\u00bb4.5.0&#8243; text_font=\u00bb|700|||||||\u00bb text_text_color=\u00bb#0b2a63&#8243; text_font_size=\u00bb18px\u00bb text_orientation=\u00bbcenter\u00bb custom_margin=\u00bb-14px|||||\u00bb hover_enabled=\u00bb0&#8243; locked=\u00bboff\u00bb]<\/p>\n<p>poner el precio adecuado, tener un PLAN DE MARKETING personalizado y contar con un buen ASESORAMIENTO, es lo que necesitas para vender tu vivienda al PRECIO M\u00c1S ALTO en el menor tiempo posible.<\/p>\n<p>[\/et_pb_text][et_pb_text _builder_version=\u00bb4.5.0&#8243; text_font=\u00bb|700|||||||\u00bb text_text_color=\u00bb#e02b20&#8243; text_font_size=\u00bb33px\u00bb background_color=\u00bbrgba(0,0,0,0)\u00bb text_orientation=\u00bbcenter\u00bb custom_margin=\u00bb-14px|||||\u00bb hover_enabled=\u00bb0&#8243; locked=\u00bboff\u00bb]<\/p>\n<p>Obt\u00e9n una valoraci\u00f3n de mercado en 24 horas.<\/p>\n<p>[\/et_pb_text][\/et_pb_column][\/et_pb_row][et_pb_row column_structure=\u00bb1_2,1_2&#8243; _builder_version=\u00bb4.2.2&#8243;][et_pb_column type=\u00bb1_2&#8243; _builder_version=\u00bb4.2.2&#8243;][et_pb_text _builder_version=\u00bb4.5.0&#8243; text_font_size=\u00bb27px\u00bb text_orientation=\u00bbjustified\u00bb custom_padding=\u00bb|88px||||\u00bb hover_enabled=\u00bb0&#8243; text_font=\u00bb|700|||||||\u00bb]<\/p>\n<p>Introduce los datos con los que quieres<br \/> reservar la valoraci\u00f3n de tu vivienda cuanto antes:<\/p>\n<p>[\/et_pb_text][et_pb_contact_form captcha=\u00bboff\u00bb email=\u00bbinfo@keopsinmobiliaria.es\u00bb submit_button_text=\u00bbRESERVAR mi valoraci\u00f3n\u00bb _builder_version=\u00bb4.5.0&#8243; form_field_background_color=\u00bb#ffffff\u00bb form_field_text_color=\u00bb#000000&#8243; form_field_custom_margin=\u00bb|10%|||false|false\u00bb custom_button=\u00bbon\u00bb button_text_color=\u00bb#ffffff\u00bb button_bg_color=\u00bb#0b2a63&#8243; button_use_icon=\u00bboff\u00bb button_custom_margin=\u00bb|190px|||false|false\u00bb custom_margin=\u00bb||||false|false\u00bb custom_padding=\u00bb||||false|false\u00bb link_option_url=\u00bb#\u00bb hover_enabled=\u00bb0&#8243;][et_pb_contact_field field_id=\u00bbnombre\u00bb field_title=\u00bbTu nombre (sin apellidos)\u00bb fullwidth_field=\u00bbon\u00bb _builder_version=\u00bb4.3.4&#8243; max_width=\u00bb70%\u00bb custom_margin=\u00bb|||8%|false|false\u00bb custom_padding=\u00bb||||false|false\u00bb border_radii=\u00bbon|5px|5px|5px|5px\u00bb border_width_all=\u00bb1px\u00bb border_color_all=\u00bb#b7b7b7&#8243; box_shadow_style=\u00bbpreset6&#8243; box_shadow_blur=\u00bb5px\u00bb button_text_size__hover_enabled=\u00bboff\u00bb button_one_text_size__hover_enabled=\u00bboff\u00bb button_two_text_size__hover_enabled=\u00bboff\u00bb button_text_color__hover_enabled=\u00bboff\u00bb button_one_text_color__hover_enabled=\u00bboff\u00bb button_two_text_color__hover_enabled=\u00bboff\u00bb button_border_width__hover_enabled=\u00bboff\u00bb button_one_border_width__hover_enabled=\u00bboff\u00bb button_two_border_width__hover_enabled=\u00bboff\u00bb button_border_color__hover_enabled=\u00bboff\u00bb button_one_border_color__hover_enabled=\u00bboff\u00bb button_two_border_color__hover_enabled=\u00bboff\u00bb button_border_radius__hover_enabled=\u00bboff\u00bb button_one_border_radius__hover_enabled=\u00bboff\u00bb button_two_border_radius__hover_enabled=\u00bboff\u00bb button_letter_spacing__hover_enabled=\u00bboff\u00bb button_one_letter_spacing__hover_enabled=\u00bboff\u00bb button_two_letter_spacing__hover_enabled=\u00bboff\u00bb button_bg_color__hover_enabled=\u00bboff\u00bb button_one_bg_color__hover_enabled=\u00bboff\u00bb button_two_bg_color__hover_enabled=\u00bboff\u00bb custom_padding__hover_enabled=\u00bbon|desktop\u00bb][\/et_pb_contact_field][et_pb_contact_field field_id=\u00bbcorreo\u00bb field_title=\u00bbEl mejor de tus emails\u00bb field_type=\u00bbemail\u00bb fullwidth_field=\u00bbon\u00bb _builder_version=\u00bb4.2.2&#8243; max_width=\u00bb70%\u00bb custom_margin=\u00bb|||8%|false|false\u00bb custom_padding=\u00bb||||false|false\u00bb border_radii=\u00bbon|5px|5px|5px|5px\u00bb border_width_all=\u00bb1px\u00bb border_color_all=\u00bb#b7b7b7&#8243; box_shadow_style=\u00bbpreset6&#8243; box_shadow_blur=\u00bb5px\u00bb button_text_size__hover_enabled=\u00bboff\u00bb button_one_text_size__hover_enabled=\u00bboff\u00bb button_two_text_size__hover_enabled=\u00bboff\u00bb button_text_color__hover_enabled=\u00bboff\u00bb button_one_text_color__hover_enabled=\u00bboff\u00bb button_two_text_color__hover_enabled=\u00bboff\u00bb button_border_width__hover_enabled=\u00bboff\u00bb button_one_border_width__hover_enabled=\u00bboff\u00bb button_two_border_width__hover_enabled=\u00bboff\u00bb button_border_color__hover_enabled=\u00bboff\u00bb button_one_border_color__hover_enabled=\u00bboff\u00bb button_two_border_color__hover_enabled=\u00bboff\u00bb button_border_radius__hover_enabled=\u00bboff\u00bb button_one_border_radius__hover_enabled=\u00bboff\u00bb button_two_border_radius__hover_enabled=\u00bboff\u00bb button_letter_spacing__hover_enabled=\u00bboff\u00bb button_one_letter_spacing__hover_enabled=\u00bboff\u00bb button_two_letter_spacing__hover_enabled=\u00bboff\u00bb button_bg_color__hover_enabled=\u00bboff\u00bb button_one_bg_color__hover_enabled=\u00bboff\u00bb button_two_bg_color__hover_enabled=\u00bboff\u00bb custom_padding__hover_enabled=\u00bbon|desktop\u00bb][\/et_pb_contact_field][et_pb_contact_field field_id=\u00bbnumero\u00bb field_title=\u00bbTu n\u00famero de Whatsapp\u00bb fullwidth_field=\u00bbon\u00bb _builder_version=\u00bb4.2.2&#8243; max_width=\u00bb70%\u00bb custom_margin=\u00bb|||8%|false|false\u00bb custom_padding=\u00bb||||false|false\u00bb border_radii=\u00bbon|5px|5px|5px|5px\u00bb border_width_all=\u00bb1px\u00bb border_color_all=\u00bb#b7b7b7&#8243; box_shadow_style=\u00bbpreset6&#8243; box_shadow_blur=\u00bb5px\u00bb button_text_size__hover_enabled=\u00bboff\u00bb button_one_text_size__hover_enabled=\u00bboff\u00bb button_two_text_size__hover_enabled=\u00bboff\u00bb button_text_color__hover_enabled=\u00bboff\u00bb button_one_text_color__hover_enabled=\u00bboff\u00bb button_two_text_color__hover_enabled=\u00bboff\u00bb button_border_width__hover_enabled=\u00bboff\u00bb button_one_border_width__hover_enabled=\u00bboff\u00bb button_two_border_width__hover_enabled=\u00bboff\u00bb button_border_color__hover_enabled=\u00bboff\u00bb button_one_border_color__hover_enabled=\u00bboff\u00bb button_two_border_color__hover_enabled=\u00bboff\u00bb button_border_radius__hover_enabled=\u00bboff\u00bb button_one_border_radius__hover_enabled=\u00bboff\u00bb button_two_border_radius__hover_enabled=\u00bboff\u00bb button_letter_spacing__hover_enabled=\u00bboff\u00bb button_one_letter_spacing__hover_enabled=\u00bboff\u00bb button_two_letter_spacing__hover_enabled=\u00bboff\u00bb button_bg_color__hover_enabled=\u00bboff\u00bb button_one_bg_color__hover_enabled=\u00bboff\u00bb button_two_bg_color__hover_enabled=\u00bboff\u00bb custom_padding__hover_enabled=\u00bbon|desktop\u00bb][\/et_pb_contact_field][\/et_pb_contact_form][\/et_pb_column][et_pb_column type=\u00bb1_2&#8243; _builder_version=\u00bb4.2.2&#8243;][\/et_pb_column][\/et_pb_row][\/et_pb_section][et_pb_section fb_built=\u00bb1&#8243; _builder_version=\u00bb4.2.2&#8243;][et_pb_row _builder_version=\u00bb4.2.2&#8243;][et_pb_column type=\u00bb4_4&#8243; _builder_version=\u00bb4.2.2&#8243;][et_pb_countdown_timer title=\u00bbSolo 5 valoraciones gratuitas por tiempo limitado\u00bb date_time=\u00bb2022-12-10 10:28&#8243; _builder_version=\u00bb4.5.0&#8243; background_color=\u00bb#0b2a63&#8243;][\/et_pb_countdown_timer][\/et_pb_column][\/et_pb_row][\/et_pb_section][et_pb_section fb_built=\u00bb1&#8243; _builder_version=\u00bb4.2.2&#8243; background_color=\u00bb#0b2a63&#8243;][et_pb_row _builder_version=\u00bb4.2.2&#8243;][et_pb_column type=\u00bb4_4&#8243; _builder_version=\u00bb4.2.2&#8243;][et_pb_text _builder_version=\u00bb4.5.0&#8243; text_text_color=\u00bb#ffffff\u00bb text_font_size=\u00bb32px\u00bb text_line_height=\u00bb1.4em\u00bb custom_margin=\u00bb||7px|||\u00bb]<\/p>\n<p style=\"text-align: center;\">Hola, soy Antonia Hern\u00e1ndez, asesora inmobiliaria en <strong>Keops Servicios Inmobiliarios<\/strong>.<\/p>\n<p>[\/et_pb_text][\/et_pb_column][\/et_pb_row][et_pb_row column_structure=\u00bb1_2,1_2&#8243; _builder_version=\u00bb4.2.2&#8243;][et_pb_column type=\u00bb1_2&#8243; _builder_version=\u00bb4.2.2&#8243;][et_pb_image src=\u00bbhttps:\/\/topviviendas.es\/wp-content\/uploads\/2022\/12\/FOTO-ANTONIA.jpeg\u00bb _builder_version=\u00bb4.5.0&#8243; width=\u00bb80%\u00bb custom_margin=\u00bb0px||||false|false\u00bb custom_padding=\u00bb0px||||false|false\u00bb hover_enabled=\u00bb0&#8243; border_radii=\u00bbon|1000px|1000px|1000px|1000px\u00bb title_text=\u00bbFOTO ANTONIA\u00bb][\/et_pb_image][\/et_pb_column][et_pb_column type=\u00bb1_2&#8243; _builder_version=\u00bb4.2.2&#8243;][et_pb_text _builder_version=\u00bb4.5.0&#8243; text_text_color=\u00bb#ffffff\u00bb text_orientation=\u00bbcenter\u00bb hover_enabled=\u00bb0&#8243; locked=\u00bboff\u00bb]<\/p>\n<p>Tras m\u00e1s de 15 a\u00f1os de experiencia en el sector inmobiliario, lo que me hace seguir con la misma ilusi\u00f3n del primer d\u00eda, es ver la felicidad de mis clientes cuando cumplen su sue\u00f1o.<\/p>\n<p>[\/et_pb_text][et_pb_text _builder_version=\u00bb4.5.0&#8243; text_text_color=\u00bb#ffffff\u00bb text_orientation=\u00bbcenter\u00bb hover_enabled=\u00bb0&#8243; locked=\u00bboff\u00bb]<\/p>\n<p>Especializada en el cliente VENDEDOR, sigo un plan de marketing personalizado, todas las propiedades no son iguales, por lo que las acciones tienen que ser diferentes.\u00a0<\/p>\n<p>[\/et_pb_text][et_pb_text _builder_version=\u00bb4.5.0&#8243; text_font=\u00bb|700|||||||\u00bb text_text_color=\u00bb#ffffff\u00bb text_font_size=\u00bb22px\u00bb custom_margin=\u00bb-7px|||||\u00bb hover_enabled=\u00bb0&#8243; locked=\u00bboff\u00bb]<\/p>\n<p style=\"text-align: center;\">\u00bfEmpezamos?<\/p>\n<p>[\/et_pb_text][\/et_pb_column][\/et_pb_row][\/et_pb_section][et_pb_section fb_built=\u00bb1&#8243; _builder_version=\u00bb4.2.2&#8243;][et_pb_row _builder_version=\u00bb4.2.2&#8243;][et_pb_column type=\u00bb4_4&#8243; _builder_version=\u00bb4.2.2&#8243;][et_pb_text _builder_version=\u00bb4.5.0&#8243; text_font=\u00bb|700|||||||\u00bb text_text_color=\u00bb#0b2a63&#8243; text_font_size=\u00bb27px\u00bb text_line_height=\u00bb1.3em\u00bb text_orientation=\u00bbcenter\u00bb hover_enabled=\u00bb0&#8243;]<\/p>\n<p>Ellos han confiado en mi equipo y en m\u00ed y han querido cont\u00e1rtelo<\/p>\n<p>[\/et_pb_text][\/et_pb_column][\/et_pb_row][et_pb_row column_structure=\u00bb1_2,1_2&#8243; _builder_version=\u00bb4.2.2&#8243;][et_pb_column type=\u00bb1_2&#8243; _builder_version=\u00bb4.2.2&#8243;][et_pb_image src=\u00bbhttps:\/\/topviviendas.es\/wp-content\/uploads\/2022\/10\/estrellas.png\u00bb _builder_version=\u00bb4.2.2&#8243; custom_margin=\u00bb|||14px|false|false\u00bb locked=\u00bboff\u00bb][\/et_pb_image][et_pb_text _builder_version=\u00bb4.5.0&#8243; custom_margin=\u00bb-12px|||||\u00bb hover_enabled=\u00bb0&#8243; locked=\u00bboff\u00bb]<\/p>\n<p><span>Buenas&#8230; Comentar que Antonia y Jose son un encanto.. Est\u00e1n pendientes en todo momento para que no tengas que preocuparte de nada.. Muy profesionales.. Se ocupan de buscarte las mejores ofertas para ti, en mi caso fue la venta de un piso y todo s\u00faper r\u00e1pido. 100% recomendable.<\/span><\/p>\n<p>[\/et_pb_text][\/et_pb_column][et_pb_column type=\u00bb1_2&#8243; _builder_version=\u00bb4.2.2&#8243;][et_pb_image src=\u00bbhttps:\/\/topviviendas.es\/wp-content\/uploads\/2022\/10\/estrellas.png\u00bb _builder_version=\u00bb4.2.2&#8243; custom_margin=\u00bb|||14px|false|false\u00bb][\/et_pb_image][et_pb_text _builder_version=\u00bb4.5.0&#8243; custom_margin=\u00bb-12px|||||\u00bb hover_enabled=\u00bb0&#8243;]<\/p>\n<p><span>Contact\u00e1mos con ellos para comprar nuestra casa. Son unos profesionales maravillosos, cuidadosos con los detalles y con las personas. Gracias a esta inmobiliaria encontramos la casa perfecta, justo el hogar que busc\u00e1bamos. Un 10 para Antonia e Israel.<\/span><\/p>\n<p><span><\/span><\/p>\n<p>[\/et_pb_text][\/et_pb_column][\/et_pb_row][et_pb_row column_structure=\u00bb1_3,1_3,1_3&#8243; _builder_version=\u00bb4.2.2&#8243;][et_pb_column type=\u00bb1_3&#8243; _builder_version=\u00bb4.2.2&#8243;][et_pb_image src=\u00bbhttps:\/\/topviviendas.es\/wp-content\/uploads\/2022\/10\/estrellas.png\u00bb _builder_version=\u00bb4.2.2&#8243; custom_margin=\u00bb|||14px|false|false\u00bb locked=\u00bboff\u00bb][\/et_pb_image][et_pb_text _builder_version=\u00bb4.5.0&#8243; custom_margin=\u00bb-12px|||||\u00bb hover_enabled=\u00bb0&#8243; locked=\u00bboff\u00bb]<\/p>\n<p><span>Mi experiencia con la inmobiliaria Keops ha sido no solo positiva por haberme encontrado el piso perfecto para mi, sino por haberme ayudado e informado en todo lo que he necesitado.<br \/>Ademas, son super profesionales!!! El trato con ellos ha sido mejor imposible!!!<\/span><\/p>\n<p>[\/et_pb_text][\/et_pb_column][et_pb_column type=\u00bb1_3&#8243; _builder_version=\u00bb4.2.2&#8243;][et_pb_image src=\u00bbhttps:\/\/topviviendas.es\/wp-content\/uploads\/2022\/10\/estrellas.png\u00bb _builder_version=\u00bb4.2.2&#8243; custom_margin=\u00bb|||14px|false|false\u00bb][\/et_pb_image][et_pb_text _builder_version=\u00bb4.5.0&#8243; custom_margin=\u00bb-12px|||||\u00bb hover_enabled=\u00bb0&#8243;]<\/p>\n<p><span>Nos atendi\u00f3 Antonia y fue s\u00faper agradable, se adapt\u00f3 a nuestras necesidades y nos explic\u00f3 y gestion\u00f3 todo genial.<\/span><\/p>\n<p><span><\/span><\/p>\n<p>[\/et_pb_text][\/et_pb_column][et_pb_column type=\u00bb1_3&#8243; _builder_version=\u00bb4.2.2&#8243;][et_pb_image src=\u00bbhttps:\/\/topviviendas.es\/wp-content\/uploads\/2022\/10\/estrellas.png\u00bb _builder_version=\u00bb4.2.2&#8243; custom_margin=\u00bb|||14px|false|false\u00bb locked=\u00bboff\u00bb][\/et_pb_image][et_pb_text _builder_version=\u00bb4.5.0&#8243; custom_margin=\u00bb-12px|||||\u00bb hover_enabled=\u00bb0&#8243; locked=\u00bboff\u00bb]<\/p>\n<p><span>Estaba en b\u00fasqueda activa de inmueble para comprar, y fui atendida por Jos\u00e9. Visitamos a la primera una vivienda que era justo lo que buscaba. Ha sido un proceso de compra muy f\u00e1cil, muy r\u00e1pido, muy c\u00f3modo con una comunicaci\u00f3n excelente y Jos\u00e9 tiene unas habilidades para la negociaci\u00f3n muy muy buenas. Es un gran agente inmobiliario, que se implica mucho con su trabajo y obtiene excelentes resultados. Estar\u00eda encantada de volver a repetir con el. Muchas Gracias Jos\u00e9. \ud83d\ude42<\/span><\/p>\n<p><span><\/span><\/p>\n<p>[\/et_pb_text][\/et_pb_column][\/et_pb_row][\/et_pb_section][et_pb_section fb_built=\u00bb1&#8243; _builder_version=\u00bb4.3.4&#8243;][et_pb_row column_structure=\u00bb1_2,1_2&#8243; _builder_version=\u00bb4.3.4&#8243;][et_pb_column type=\u00bb1_2&#8243; _builder_version=\u00bb4.3.4&#8243;][et_pb_text _builder_version=\u00bb4.3.4&#8243;]Copyright \u00a9 2020[\/et_pb_text][\/et_pb_column][et_pb_column type=\u00bb1_2&#8243; _builder_version=\u00bb4.3.4&#8243;][et_pb_image src=\u00bbhttps:\/\/topviviendas.es\/wp-content\/uploads\/2022\/10\/logo-pymeup.png\u00bb _builder_version=\u00bb4.3.4&#8243; width=\u00bb30%\u00bb module_alignment=\u00bbright\u00bb][\/et_pb_image][\/et_pb_column][\/et_pb_row][\/et_pb_section]<\/p>\n","protected":false},"excerpt":{"rendered":"<p>[et_pb_section fb_built=\u00bb1&#8243; _builder_version=\u00bb4.3.4&#8243; use_background_color_gradient=\u00bbon\u00bb background_color_gradient_start=\u00bbrgba(255,255,255,0.38)\u00bb background_color_gradient_end=\u00bbrgba(255,255,255,0.76)\u00bb background_color_gradient_direction=\u00bb360deg\u00bb background_color_gradient_overlays_image=\u00bbon\u00bb background_image=\u00bbhttps:\/\/topviviendas.es\/wp-content\/uploads\/2022\/10\/girl-4376600_1280.jpg\u00bb background_position=\u00bbtop_center\u00bb custom_margin=\u00bb0px|0px|0px|0px|false|false\u00bb custom_padding=\u00bb0px|0px|0px|0px|false|false\u00bb][et_pb_row _builder_version=\u00bb4.2.2&#8243;][et_pb_column type=\u00bb4_4&#8243; _builder_version=\u00bb4.2.2&#8243;][et_pb_text module_id=\u00bbtop\u00bb _builder_version=\u00bb4.5.0&#8243; text_font=\u00bb|700|||||||\u00bb text_text_color=\u00bb#0b2a63&#8243; text_font_size=\u00bb32px\u00bb text_orientation=\u00bbcenter\u00bb hover_enabled=\u00bb0&#8243;] Si has decidido vender tu casa, [\/et_pb_text][et_pb_text _builder_version=\u00bb4.5.0&#8243; text_font=\u00bb|700|||||||\u00bb text_text_color=\u00bb#0b2a63&#8243; text_font_size=\u00bb18px\u00bb text_orientation=\u00bbcenter\u00bb custom_margin=\u00bb-14px|||||\u00bb hover_enabled=\u00bb0&#8243; locked=\u00bboff\u00bb] poner el precio adecuado, tener un PLAN DE MARKETING personalizado y contar con un buen ASESORAMIENTO, es lo [&hellip;]<\/p>\n","protected":false},"author":1,"featured_media":0,"parent":0,"menu_order":0,"comment_status":"closed","ping_status":"closed","template":"page-template-blank.php","meta":{"_et_pb_use_builder":"on","_et_pb_old_content":"<!-- wp:paragraph -->\n<p>This is an example page. It's different from a blog post because it will stay in one place and will show up in your site navigation (in most themes). Most people start with an About page that introduces them to potential site visitors. It might say something like this:<\/p>\n<!-- \/wp:paragraph -->\n\n<!-- wp:quote -->\n<blockquote class=\"wp-block-quote\"><p>Hi there! I'm a bike messenger by day, aspiring actor by night, and this is my website. I live in Los Angeles, have a great dog named Jack, and I like pi&#241;a coladas. (And gettin' caught in the rain.)<\/p><\/blockquote>\n<!-- \/wp:quote -->\n\n<!-- wp:paragraph -->\n<p>...or something like this:<\/p>\n<!-- \/wp:paragraph -->\n\n<!-- wp:quote -->\n<blockquote class=\"wp-block-quote\"><p>The XYZ Doohickey Company was founded in 1971, and has been providing quality doohickeys to the public ever since. Located in Gotham City, XYZ employs over 2,000 people and does all kinds of awesome things for the Gotham community.<\/p><\/blockquote>\n<!-- \/wp:quote -->\n\n<!-- wp:paragraph -->\n<p>As a new WordPress user, you should go to <a href=\"https:\/\/topviviendas.es\/wp-admin\/\">your dashboard<\/a> to delete this page and create new pages for your content. Have fun!<\/p>\n<!-- \/wp:paragraph -->","_et_gb_content_width":"","footnotes":""},"class_list":["post-2","page","type-page","status-publish","hentry"],"_links":{"self":[{"href":"https:\/\/topviviendas.es\/index.php?rest_route=\/wp\/v2\/pages\/2","targetHints":{"allow":["GET"]}}],"collection":[{"href":"https:\/\/topviviendas.es\/index.php?rest_route=\/wp\/v2\/pages"}],"about":[{"href":"https:\/\/topviviendas.es\/index.php?rest_route=\/wp\/v2\/types\/page"}],"author":[{"embeddable":true,"href":"https:\/\/topviviendas.es\/index.php?rest_route=\/wp\/v2\/users\/1"}],"replies":[{"embeddable":true,"href":"https:\/\/topviviendas.es\/index.php?rest_route=%2Fwp%2Fv2%2Fcomments&post=2"}],"version-history":[{"count":9,"href":"https:\/\/topviviendas.es\/index.php?rest_route=\/wp\/v2\/pages\/2\/revisions"}],"predecessor-version":[{"id":40,"href":"https:\/\/topviviendas.es\/index.php?rest_route=\/wp\/v2\/pages\/2\/revisions\/40"}],"wp:attachment":[{"href":"https:\/\/topviviendas.es\/index.php?rest_route=%2Fwp%2Fv2%2Fmedia&parent=2"}],"curies":[{"name":"wp","href":"https:\/\/api.w.org\/{rel}","templated":true}]}}